{"id":1803,"date":"2024-11-17T11:27:07","date_gmt":"2024-11-17T16:27:07","guid":{"rendered":"https:\/\/dev.zbs.org\/wordpress\/?page_id=1803"},"modified":"2025-01-07T11:40:31","modified_gmt":"2025-01-07T16:40:31","slug":"mojos-cafe-downloads","status":"publish","type":"page","link":"https:\/\/www.zbs.org\/shop\/mojos-cafe-downloads\/","title":{"rendered":"Mojo&#8217;s Cafe &#8211; Downloads"},"content":{"rendered":"<div id=\"pl-1803\"  class=\"panel-layout\" ><div id=\"pg-1803-0\"  class=\"panel-grid panel-no-style\" ><div id=\"pgc-1803-0-0\"  class=\"panel-grid-cell\" ><div id=\"panel-1803-0-0-0\" class=\"so-panel widget widget_sow-editor panel-first-child panel-last-child\" data-index=\"0\" ><div\n\t\t\t\n\t\t\tclass=\"so-widget-sow-editor so-widget-sow-editor-base\"\n\t\t\t\n\t\t>\n<div class=\"siteorigin-widget-tinymce textwidget\">\n\t<p>Here is Mojo\u2019s Caf\u00e9 where dreamers would wander in, have a coffee and croissant, and tell Mojo their dream. But with the pandemic, the caf\u00e9 closed for a while, so people would call in their dreams. Now that Mojo has gone, Taylor runs the caf\u00e9, she listens to their little dream adventures and passes on the wisdoms she had learned from the master, Mr. Mojo.<\/p>\n<p><span style=\"color: #993300; font-size: 18px;\"><strong>Click on a title for a description and audio sample.<\/strong><\/span><\/p>\n<div class=\"woocommerce columns-3 \"><ul class=\"products columns-3\">\n<li class=\"product type-product post-1686 status-publish first instock product_cat-downloads product_cat-mojos-cafe-downloads has-post-thumbnail downloadable virtual taxable purchasable product-type-simple\">\n\t<a href=\"https:\/\/www.zbs.org\/shop\/product\/mojos-cafe-for-lost-dreamers-season-one\/\" class=\"woocommerce-LoopProduct-link woocommerce-loop-product__link\"><img loading=\"lazy\" decoding=\"async\" width=\"324\" height=\"324\" src=\"https:\/\/www.zbs.org\/shop\/wp-content\/uploads\/2024\/10\/MojoCafeLostDreamers-2024-324x324.jpg\" class=\"attachment-woocommerce_thumbnail size-woocommerce_thumbnail\" alt=\"Mojo\u2019s Caf\u00e9 for Lost Dreamers (Season One)\" srcset=\"https:\/\/www.zbs.org\/shop\/wp-content\/uploads\/2024\/10\/MojoCafeLostDreamers-2024-324x324.jpg 324w, https:\/\/www.zbs.org\/shop\/wp-content\/uploads\/2024\/10\/MojoCafeLostDreamers-2024-300x300.jpg 300w, https:\/\/www.zbs.org\/shop\/wp-content\/uploads\/2024\/10\/MojoCafeLostDreamers-2024-150x150.jpg 150w, https:\/\/www.zbs.org\/shop\/wp-content\/uploads\/2024\/10\/MojoCafeLostDreamers-2024-416x416.jpg 416w, https:\/\/www.zbs.org\/shop\/wp-content\/uploads\/2024\/10\/MojoCafeLostDreamers-2024-100x100.jpg 100w, https:\/\/www.zbs.org\/shop\/wp-content\/uploads\/2024\/10\/MojoCafeLostDreamers-2024.jpg 600w\" sizes=\"auto, (max-width: 324px) 100vw, 324px\" \/><h2 class=\"woocommerce-loop-product__title\">Mojo\u2019s Caf\u00e9 for Lost Dreamers (Season One)<\/h2>\n\t<span class=\"price\"><span class=\"woocommerce-Price-amount amount\"><bdi><span class=\"woocommerce-Price-currencySymbol\">&#36;<\/span>10.00<\/bdi><\/span><\/span>\n<\/a><a href=\"\/shop\/wp-json\/wp\/v2\/pages\/1803?add-to-cart=1686\" aria-describedby=\"woocommerce_loop_add_to_cart_link_describedby_1686\" data-quantity=\"1\" class=\"button product_type_simple add_to_cart_button ajax_add_to_cart\" data-product_id=\"1686\" data-product_sku=\"MCS1\" aria-label=\"Add to cart: &ldquo;Mojo\u2019s Caf\u00e9 for Lost Dreamers (Season One)&rdquo;\" rel=\"nofollow\" data-success_message=\"&ldquo;Mojo\u2019s Caf\u00e9 for Lost Dreamers (Season One)&rdquo; has been added to your cart\" role=\"button\">Add to cart<\/a>\t<span id=\"woocommerce_loop_add_to_cart_link_describedby_1686\" class=\"screen-reader-text\">\n\t\t\t<\/span>\n<\/li>\n<li class=\"product type-product post-1685 status-publish instock product_cat-downloads product_cat-mojos-cafe-downloads has-post-thumbnail downloadable virtual taxable purchasable product-type-simple\">\n\t<a href=\"https:\/\/www.zbs.org\/shop\/product\/mojos-cafe-for-lost-dreamers-season-two\/\" class=\"woocommerce-LoopProduct-link woocommerce-loop-product__link\"><img loading=\"lazy\" decoding=\"async\" width=\"324\" height=\"324\" src=\"https:\/\/www.zbs.org\/shop\/wp-content\/uploads\/2024\/10\/mjc2-2024-324x324.jpg\" class=\"attachment-woocommerce_thumbnail size-woocommerce_thumbnail\" alt=\"Mojo\u2019s Caf\u00e9 for Lost Dreamers (Season Two)\" srcset=\"https:\/\/www.zbs.org\/shop\/wp-content\/uploads\/2024\/10\/mjc2-2024-324x324.jpg 324w, https:\/\/www.zbs.org\/shop\/wp-content\/uploads\/2024\/10\/mjc2-2024-300x300.jpg 300w, https:\/\/www.zbs.org\/shop\/wp-content\/uploads\/2024\/10\/mjc2-2024-150x150.jpg 150w, https:\/\/www.zbs.org\/shop\/wp-content\/uploads\/2024\/10\/mjc2-2024-416x416.jpg 416w, https:\/\/www.zbs.org\/shop\/wp-content\/uploads\/2024\/10\/mjc2-2024-100x100.jpg 100w, https:\/\/www.zbs.org\/shop\/wp-content\/uploads\/2024\/10\/mjc2-2024.jpg 600w\" sizes=\"auto, (max-width: 324px) 100vw, 324px\" \/><h2 class=\"woocommerce-loop-product__title\">Mojo\u2019s Caf\u00e9 for Lost Dreamers (Season Two)<\/h2>\n\t<span class=\"price\"><span class=\"woocommerce-Price-amount amount\"><bdi><span class=\"woocommerce-Price-currencySymbol\">&#36;<\/span>10.00<\/bdi><\/span><\/span>\n<\/a><a href=\"\/shop\/wp-json\/wp\/v2\/pages\/1803?add-to-cart=1685\" aria-describedby=\"woocommerce_loop_add_to_cart_link_describedby_1685\" data-quantity=\"1\" class=\"button product_type_simple add_to_cart_button ajax_add_to_cart\" data-product_id=\"1685\" data-product_sku=\"MCS2\" aria-label=\"Add to cart: &ldquo;Mojo\u2019s Caf\u00e9 for Lost Dreamers (Season Two)&rdquo;\" rel=\"nofollow\" data-success_message=\"&ldquo;Mojo\u2019s Caf\u00e9 for Lost Dreamers (Season Two)&rdquo; has been added to your cart\" role=\"button\">Add to cart<\/a>\t<span id=\"woocommerce_loop_add_to_cart_link_describedby_1685\" class=\"screen-reader-text\">\n\t\t\t<\/span>\n<\/li>\n<li class=\"product type-product post-1684 status-publish last instock product_cat-downloads product_cat-mojos-cafe-downloads has-post-thumbnail downloadable virtual taxable purchasable product-type-simple\">\n\t<a href=\"https:\/\/www.zbs.org\/shop\/product\/mojos-cafe-for-lost-dreamers-season-three\/\" class=\"woocommerce-LoopProduct-link woocommerce-loop-product__link\"><img loading=\"lazy\" decoding=\"async\" width=\"324\" height=\"324\" src=\"https:\/\/www.zbs.org\/shop\/wp-content\/uploads\/2024\/10\/MCS3P-2024-324x324.jpg\" class=\"attachment-woocommerce_thumbnail size-woocommerce_thumbnail\" alt=\"Mojo\u2019s Caf\u00e9 for Lost Dreamers (Season Three)\" srcset=\"https:\/\/www.zbs.org\/shop\/wp-content\/uploads\/2024\/10\/MCS3P-2024-324x324.jpg 324w, https:\/\/www.zbs.org\/shop\/wp-content\/uploads\/2024\/10\/MCS3P-2024-300x300.jpg 300w, https:\/\/www.zbs.org\/shop\/wp-content\/uploads\/2024\/10\/MCS3P-2024-150x150.jpg 150w, https:\/\/www.zbs.org\/shop\/wp-content\/uploads\/2024\/10\/MCS3P-2024-416x416.jpg 416w, https:\/\/www.zbs.org\/shop\/wp-content\/uploads\/2024\/10\/MCS3P-2024-100x100.jpg 100w, https:\/\/www.zbs.org\/shop\/wp-content\/uploads\/2024\/10\/MCS3P-2024.jpg 600w\" sizes=\"auto, (max-width: 324px) 100vw, 324px\" \/><h2 class=\"woocommerce-loop-product__title\">Mojo\u2019s Caf\u00e9 for Lost Dreamers (Season Three)<\/h2>\n\t<span class=\"price\"><span class=\"woocommerce-Price-amount amount\"><bdi><span class=\"woocommerce-Price-currencySymbol\">&#36;<\/span>10.00<\/bdi><\/span><\/span>\n<\/a><a href=\"\/shop\/wp-json\/wp\/v2\/pages\/1803?add-to-cart=1684\" aria-describedby=\"woocommerce_loop_add_to_cart_link_describedby_1684\" data-quantity=\"1\" class=\"button product_type_simple add_to_cart_button ajax_add_to_cart\" data-product_id=\"1684\" data-product_sku=\"MCS3\" aria-label=\"Add to cart: &ldquo;Mojo\u2019s Caf\u00e9 for Lost Dreamers (Season Three)&rdquo;\" rel=\"nofollow\" data-success_message=\"&ldquo;Mojo\u2019s Caf\u00e9 for Lost Dreamers (Season Three)&rdquo; has been added to your cart\" role=\"button\">Add to cart<\/a>\t<span id=\"woocommerce_loop_add_to_cart_link_describedby_1684\" class=\"screen-reader-text\">\n\t\t\t<\/span>\n<\/li>\n<li class=\"product type-product post-1683 status-publish first instock product_cat-downloads product_cat-mojos-cafe-downloads has-post-thumbnail downloadable virtual taxable purchasable product-type-simple\">\n\t<a href=\"https:\/\/www.zbs.org\/shop\/product\/the-complete-mojos-cafe-season-one-two-three\/\" class=\"woocommerce-LoopProduct-link woocommerce-loop-product__link\"><img loading=\"lazy\" decoding=\"async\" width=\"324\" height=\"324\" src=\"https:\/\/www.zbs.org\/shop\/wp-content\/uploads\/2024\/10\/MCZBSP-2024-324x324.jpg\" class=\"attachment-woocommerce_thumbnail size-woocommerce_thumbnail\" alt=\"The Complete Mojo\u2019s Caf\u00e9 (Season One, Two, Three)\" srcset=\"https:\/\/www.zbs.org\/shop\/wp-content\/uploads\/2024\/10\/MCZBSP-2024-324x324.jpg 324w, https:\/\/www.zbs.org\/shop\/wp-content\/uploads\/2024\/10\/MCZBSP-2024-300x300.jpg 300w, https:\/\/www.zbs.org\/shop\/wp-content\/uploads\/2024\/10\/MCZBSP-2024-150x150.jpg 150w, https:\/\/www.zbs.org\/shop\/wp-content\/uploads\/2024\/10\/MCZBSP-2024-416x416.jpg 416w, https:\/\/www.zbs.org\/shop\/wp-content\/uploads\/2024\/10\/MCZBSP-2024-100x100.jpg 100w, https:\/\/www.zbs.org\/shop\/wp-content\/uploads\/2024\/10\/MCZBSP-2024.jpg 600w\" sizes=\"auto, (max-width: 324px) 100vw, 324px\" \/><h2 class=\"woocommerce-loop-product__title\">The Complete Mojo\u2019s Caf\u00e9 (Season One, Two, Three)<\/h2>\n\t<span class=\"price\"><span class=\"woocommerce-Price-amount amount\"><bdi><span class=\"woocommerce-Price-currencySymbol\">&#36;<\/span>25.00<\/bdi><\/span><\/span>\n<\/a><a href=\"\/shop\/wp-json\/wp\/v2\/pages\/1803?add-to-cart=1683\" aria-describedby=\"woocommerce_loop_add_to_cart_link_describedby_1683\" data-quantity=\"1\" class=\"button product_type_simple add_to_cart_button ajax_add_to_cart\" data-product_id=\"1683\" data-product_sku=\"MCS123\" aria-label=\"Add to cart: &ldquo;The Complete Mojo\u2019s Caf\u00e9 (Season One, Two, Three)&rdquo;\" rel=\"nofollow\" data-success_message=\"&ldquo;The Complete Mojo\u2019s Caf\u00e9 (Season One, Two, Three)&rdquo; has been added to your cart\" role=\"button\">Add to cart<\/a>\t<span id=\"woocommerce_loop_add_to_cart_link_describedby_1683\" class=\"screen-reader-text\">\n\t\t\t<\/span>\n<\/li>\n<\/ul>\n<\/div>\n<h3>Hi Res<\/h3>\n<div class=\"woocommerce columns-3 \"><ul class=\"products columns-3\">\n<li class=\"product type-product post-2093 status-publish first instock product_cat-hi-res-downloads product_cat-mojos-cafe-hi-res-downloads has-post-thumbnail downloadable virtual taxable purchasable product-type-simple\">\n\t<a href=\"https:\/\/www.zbs.org\/shop\/product\/the-complete-mojos-cafe-season-one-two-three-hr\/\" class=\"woocommerce-LoopProduct-link woocommerce-loop-product__link\"><img loading=\"lazy\" decoding=\"async\" width=\"324\" height=\"324\" src=\"https:\/\/www.zbs.org\/shop\/wp-content\/uploads\/2024\/10\/MCS3P-2024-324x324.jpg\" class=\"attachment-woocommerce_thumbnail size-woocommerce_thumbnail\" alt=\"The Complete Mojo\u2019s Caf\u00e9 - Season One, Two, Three (HR)\" srcset=\"https:\/\/www.zbs.org\/shop\/wp-content\/uploads\/2024\/10\/MCS3P-2024-324x324.jpg 324w, https:\/\/www.zbs.org\/shop\/wp-content\/uploads\/2024\/10\/MCS3P-2024-300x300.jpg 300w, https:\/\/www.zbs.org\/shop\/wp-content\/uploads\/2024\/10\/MCS3P-2024-150x150.jpg 150w, https:\/\/www.zbs.org\/shop\/wp-content\/uploads\/2024\/10\/MCS3P-2024-416x416.jpg 416w, https:\/\/www.zbs.org\/shop\/wp-content\/uploads\/2024\/10\/MCS3P-2024-100x100.jpg 100w, https:\/\/www.zbs.org\/shop\/wp-content\/uploads\/2024\/10\/MCS3P-2024.jpg 600w\" sizes=\"auto, (max-width: 324px) 100vw, 324px\" \/><h2 class=\"woocommerce-loop-product__title\">The Complete Mojo\u2019s Caf\u00e9 &#8211; Season One, Two, Three (HR)<\/h2>\n\t<span class=\"price\"><span class=\"woocommerce-Price-amount amount\"><bdi><span class=\"woocommerce-Price-currencySymbol\">&#36;<\/span>30.00<\/bdi><\/span><\/span>\n<\/a><a href=\"\/shop\/wp-json\/wp\/v2\/pages\/1803?add-to-cart=2093\" aria-describedby=\"woocommerce_loop_add_to_cart_link_describedby_2093\" data-quantity=\"1\" class=\"button product_type_simple add_to_cart_button ajax_add_to_cart\" data-product_id=\"2093\" data-product_sku=\"Mojo-S123-HR\" aria-label=\"Add to cart: &ldquo;The Complete Mojo\u2019s Caf\u00e9 - Season One, Two, Three (HR)&rdquo;\" rel=\"nofollow\" data-success_message=\"&ldquo;The Complete Mojo\u2019s Caf\u00e9 - Season One, Two, Three (HR)&rdquo; has been added to your cart\" role=\"button\">Add to cart<\/a>\t<span id=\"woocommerce_loop_add_to_cart_link_describedby_2093\" class=\"screen-reader-text\">\n\t\t\t<\/span>\n<\/li>\n<\/ul>\n<\/div>\n<\/div>\n<\/div><\/div><\/div><\/div><\/div>","protected":false},"excerpt":{"rendered":"<p>Here is Mojo\u2019s Caf\u00e9 where dreamers would wander in, have a coffee and croissant, and tell Mojo their dream. But with the pandemic, the caf\u00e9 closed for a while, so people would call in their dreams. Now that Mojo has gone, Taylor runs the caf\u00e9, she listens to their little dream adventures and passes on [&hellip;]<\/p>\n","protected":false},"author":1,"featured_media":0,"parent":0,"menu_order":0,"comment_status":"closed","ping_status":"closed","template":"","meta":{"footnotes":""},"class_list":["post-1803","page","type-page","status-publish","hentry"],"_links":{"self":[{"href":"https:\/\/www.zbs.org\/shop\/wp-json\/wp\/v2\/pages\/1803","targetHints":{"allow":["GET"]}}],"collection":[{"href":"https:\/\/www.zbs.org\/shop\/wp-json\/wp\/v2\/pages"}],"about":[{"href":"https:\/\/www.zbs.org\/shop\/wp-json\/wp\/v2\/types\/page"}],"author":[{"embeddable":true,"href":"https:\/\/www.zbs.org\/shop\/wp-json\/wp\/v2\/users\/1"}],"replies":[{"embeddable":true,"href":"https:\/\/www.zbs.org\/shop\/wp-json\/wp\/v2\/comments?post=1803"}],"version-history":[{"count":6,"href":"https:\/\/www.zbs.org\/shop\/wp-json\/wp\/v2\/pages\/1803\/revisions"}],"predecessor-version":[{"id":2096,"href":"https:\/\/www.zbs.org\/shop\/wp-json\/wp\/v2\/pages\/1803\/revisions\/2096"}],"wp:attachment":[{"href":"https:\/\/www.zbs.org\/shop\/wp-json\/wp\/v2\/media?parent=1803"}],"curies":[{"name":"wp","href":"https:\/\/api.w.org\/{rel}","templated":true}]}}