{"id":1624,"date":"2024-10-30T15:26:08","date_gmt":"2024-10-30T19:26:08","guid":{"rendered":"https:\/\/dev.zbs.org\/wordpress\/?post_type=product&#038;p=1624"},"modified":"2024-11-17T11:53:36","modified_gmt":"2024-11-17T16:53:36","slug":"recipe-for-murder-pt-1mp3","status":"publish","type":"product","link":"https:\/\/www.zbs.org\/shop\/product\/recipe-for-murder-pt-1mp3\/","title":{"rendered":"Recipe For Murder, Pt 1 (MP3)"},"content":{"rendered":"<p>This is the first half of a series of eight mystery stories and is a co-production of CBC Radio and ZBS. The stories are rather congenial, like an Agatha Christie BBC mystery, a lot of fascinating and slightly eccentric characters, wonderful dialogue, an occasional body, with a gentle humor throughout.<\/p>\n<p>The hero, Jean-Claude, is a young sous-chef living in Montr\u00e9al. In the first episode, A Sweet Death, the police arrest his close friend, Georges-Luc (who is from Haiti), charging him with murder. Jean-Claude proceeds to investigate on his own. A sweet death indeed, for this episode deals with the making of chocolates, all sorts, and the descriptions are heavenly.<\/p>\n<p>Each story deals with a different type of food. The writer, Don Druick, is a gourmet cook from Montr\u00e9al; his descriptions of various dishes and their preparation are so vivid, so enticing, there are times it\u2019s almost painful to listen without wanting to run out and stuff yourself.<\/p>\n<p>Each story focuses on a different type of cuisine. A Sweet Death deals with not only chocolates, but all sorts of sweets (and some of those sweeties are deadly). The second story, Buzz Buzz, centers around various delectable insects (and the nasty competition between two teachers at a cooking school). In Fugu, there\u2019s Japanese cuisine; in The Ghost of Miz B, it\u2019s Jewish cooking. And there\u2019s also a murder to solve in every story.<\/p>\n<p>Since our own writer, M. Fulton, once worked at a radio station in Montr\u00e9al, and has a fondness for that city and it\u2019s night life, he suggested we record on location; in the sidewalk caf\u00e9s, restaurants, the M\u00e9tro, the cobbled streets of Vieux Montr\u00e9al, wherever the scenes actually take place. The sound is wonderfully rich, especially hearing Montr\u00e9al in the summer &#8230; it\u2019s visually stimulating, the descriptions are enticing, and the smells are exquisite.<\/p>\n<p>Director-Bill Lane, Jean-Claude-Salvatore Migliore, Illustration-Greg Tucker, Music-Tim Clark<\/p>\n<p>Recipe for Murder, Part One. Four stories (no problem, it\u2019s in English) 2.5 hours.<\/p>\n<p>Co-produced with the CBC.<\/p>\n<p>Don\u2019t forget to check out part 2!<\/p>\n<p><audio id=\"myAudioSample\" src=\"https:\/\/zbs.s3.us-east-1.amazonaws.com\/ZBS_Radio_Mystery\/rm1\/m1_1.mp3\"><\/audio><br \/>\n<button id=\"playButton\">Play 60 Second Sample<\/button><\/p>\n<p><script>\n  playAndFadeAudio();\n<\/script><\/p>\n","protected":false},"excerpt":{"rendered":"<p>This is the first half of a series of eight mystery stories and is a co-production of CBC Radio and ZBS. The stories are rather congenial, like an Agatha Christie BBC mystery, a lot of fascinating and slightly eccentric characters, wonderful dialogue, an occasional body, with a gentle humor throughout. The hero, Jean-Claude, is a [&hellip;]<\/p>\n","protected":false},"featured_media":534,"template":"","meta":[],"product_brand":[],"product_cat":[17,24],"product_tag":[],"giftcard-category":[],"class_list":{"0":"post-1624","1":"product","2":"type-product","3":"status-publish","4":"has-post-thumbnail","6":"product_cat-downloads","7":"product_cat-mystery-downloads","9":"first","10":"instock","11":"downloadable","12":"virtual","13":"taxable","14":"purchasable","15":"product-type-simple"},"_links":{"self":[{"href":"https:\/\/www.zbs.org\/shop\/wp-json\/wp\/v2\/product\/1624","targetHints":{"allow":["GET"]}}],"collection":[{"href":"https:\/\/www.zbs.org\/shop\/wp-json\/wp\/v2\/product"}],"about":[{"href":"https:\/\/www.zbs.org\/shop\/wp-json\/wp\/v2\/types\/product"}],"wp:featuredmedia":[{"embeddable":true,"href":"https:\/\/www.zbs.org\/shop\/wp-json\/wp\/v2\/media\/534"}],"wp:attachment":[{"href":"https:\/\/www.zbs.org\/shop\/wp-json\/wp\/v2\/media?parent=1624"}],"wp:term":[{"taxonomy":"product_brand","embeddable":true,"href":"https:\/\/www.zbs.org\/shop\/wp-json\/wp\/v2\/product_brand?post=1624"},{"taxonomy":"product_cat","embeddable":true,"href":"https:\/\/www.zbs.org\/shop\/wp-json\/wp\/v2\/product_cat?post=1624"},{"taxonomy":"product_tag","embeddable":true,"href":"https:\/\/www.zbs.org\/shop\/wp-json\/wp\/v2\/product_tag?post=1624"},{"taxonomy":"giftcard-category","embeddable":true,"href":"https:\/\/www.zbs.org\/shop\/wp-json\/wp\/v2\/giftcard-category?post=1624"}],"curies":[{"name":"wp","href":"https:\/\/api.w.org\/{rel}","templated":true}]}}