{"id":1686,"date":"2024-11-13T14:19:47","date_gmt":"2024-11-13T19:19:47","guid":{"rendered":"https:\/\/dev.zbs.org\/wordpress\/?post_type=product&#038;p=1686"},"modified":"2024-11-13T14:19:48","modified_gmt":"2024-11-13T19:19:48","slug":"mojos-cafe-for-lost-dreamers-season-one","status":"publish","type":"product","link":"https:\/\/www.zbs.org\/shop\/product\/mojos-cafe-for-lost-dreamers-season-one\/","title":{"rendered":"Mojo\u2019s Caf\u00e9 for Lost Dreamers (Season One)"},"content":{"rendered":"<p>Here is Mojo\u2019s Caf\u00e9 where dreamers would wander in, have a coffee and croissant, and tell Mojo their dream. But with the pandemic, the caf\u00e9 closed for a while, so people would call in their dreams. Now that Mojo has gone, Taylor runs the caf\u00e9, she listens to their little dream adventures and passes on the wisdoms she had learned from the master, Mr. Mojo.<\/p>\n<p>12 dreams, one hour.<\/p>\n<p><audio id=\"myAudioSample\" src=\"https:\/\/zbs.s3.us-east-1.amazonaws.com\/ZBS_Radio_Mojo\/mjc_01.mp3\"><\/audio><br \/>\n<button id=\"playButton\">Play 60 Second Sample<\/button><\/p>\n<p><script>\n  playAndFadeAudio();\n<\/script><\/p>\n","protected":false},"excerpt":{"rendered":"<p>Here is Mojo\u2019s Caf\u00e9 where dreamers would wander in, have a coffee and croissant, and tell Mojo their dream. But with the pandemic, the caf\u00e9 closed for a while, so people would call in their dreams. Now that Mojo has gone, Taylor runs the caf\u00e9, she listens to their little dream adventures and passes on [&hellip;]<\/p>\n","protected":false},"featured_media":527,"template":"","meta":[],"product_brand":[],"product_cat":[17,22],"product_tag":[],"giftcard-category":[],"class_list":{"0":"post-1686","1":"product","2":"type-product","3":"status-publish","4":"has-post-thumbnail","6":"product_cat-downloads","7":"product_cat-mojos-cafe-downloads","9":"first","10":"instock","11":"downloadable","12":"virtual","13":"taxable","14":"purchasable","15":"product-type-simple"},"_links":{"self":[{"href":"https:\/\/www.zbs.org\/shop\/wp-json\/wp\/v2\/product\/1686","targetHints":{"allow":["GET"]}}],"collection":[{"href":"https:\/\/www.zbs.org\/shop\/wp-json\/wp\/v2\/product"}],"about":[{"href":"https:\/\/www.zbs.org\/shop\/wp-json\/wp\/v2\/types\/product"}],"wp:featuredmedia":[{"embeddable":true,"href":"https:\/\/www.zbs.org\/shop\/wp-json\/wp\/v2\/media\/527"}],"wp:attachment":[{"href":"https:\/\/www.zbs.org\/shop\/wp-json\/wp\/v2\/media?parent=1686"}],"wp:term":[{"taxonomy":"product_brand","embeddable":true,"href":"https:\/\/www.zbs.org\/shop\/wp-json\/wp\/v2\/product_brand?post=1686"},{"taxonomy":"product_cat","embeddable":true,"href":"https:\/\/www.zbs.org\/shop\/wp-json\/wp\/v2\/product_cat?post=1686"},{"taxonomy":"product_tag","embeddable":true,"href":"https:\/\/www.zbs.org\/shop\/wp-json\/wp\/v2\/product_tag?post=1686"},{"taxonomy":"giftcard-category","embeddable":true,"href":"https:\/\/www.zbs.org\/shop\/wp-json\/wp\/v2\/giftcard-category?post=1686"}],"curies":[{"name":"wp","href":"https:\/\/api.w.org\/{rel}","templated":true}]}}